{"id":1264,"date":"2025-06-23T07:07:50","date_gmt":"2025-06-23T07:07:50","guid":{"rendered":"https:\/\/linkbuildingbelgiumagency.com\/?page_id=1264"},"modified":"2025-06-23T14:35:29","modified_gmt":"2025-06-23T14:35:29","slug":"politique-de-confidentialite-2","status":"publish","type":"page","link":"https:\/\/linkbuildingbelgiumagency.com\/fr\/politique-de-confidentialite-2\/","title":{"rendered":"Politique de confidentialit\u00e9"},"content":{"rendered":"<div data-elementor-type=\"wp-page\" data-elementor-id=\"1264\" class=\"elementor elementor-1264\">\n\t\t\t\t<div class=\"elementor-element elementor-element-d6c1d01 e-flex e-con-boxed wpr-particle-no wpr-jarallax-no wpr-parallax-no wpr-sticky-section-no e-con e-parent\" data-id=\"d6c1d01\" data-element_type=\"container\" data-settings=\"{&quot;background_background&quot;:&quot;gradient&quot;,&quot;shape_divider_bottom&quot;:&quot;waves&quot;}\">\n\t\t\t\t\t<div class=\"e-con-inner\">\n\t\t\t\t<div class=\"elementor-shape elementor-shape-bottom\" aria-hidden=\"true\" data-negative=\"false\">\n\t\t\t<svg xmlns=\"http:\/\/www.w3.org\/2000\/svg\" viewbox=\"0 0 1000 100\" preserveaspectratio=\"none\">\n\t<path class=\"elementor-shape-fill\" d=\"M421.9,6.5c22.6-2.5,51.5,0.4,75.5,5.3c23.6,4.9,70.9,23.5,100.5,35.7c75.8,32.2,133.7,44.5,192.6,49.7\tc23.6,2.1,48.7,3.5,103.4-2.5c54.7-6,106.2-25.6,106.2-25.6V0H0v30.3c0,0,72,32.6,158.4,30.5c39.2-0.7,92.8-6.7,134-22.4\tc21.2-8.1,52.2-18.2,79.7-24.2C399.3,7.9,411.6,7.5,421.9,6.5z\"\/>\n<\/svg>\t\t<\/div>\n\t\t<div class=\"elementor-element elementor-element-777397c e-flex e-con-boxed wpr-particle-no wpr-jarallax-no wpr-parallax-no wpr-sticky-section-no e-con e-child\" data-id=\"777397c\" data-element_type=\"container\">\n\t\t\t\t\t<div class=\"e-con-inner\">\n\t\t\t\t<div class=\"elementor-element elementor-element-a83f7c1 elementor-widget elementor-widget-heading\" data-id=\"a83f7c1\" data-element_type=\"widget\" data-widget_type=\"heading.default\">\n\t\t\t\t<div class=\"elementor-widget-container\">\n\t\t\t\t\t<h2 class=\"elementor-heading-title elementor-size-default\">Politique de confidentialit\u00e9 <\/h2>\t\t\t\t<\/div>\n\t\t\t\t<\/div>\n\t\t\t\t\t<\/div>\n\t\t\t\t<\/div>\n\t\t\t\t\t<\/div>\n\t\t\t\t<\/div>\n\t\t<div class=\"elementor-element elementor-element-ff0ec1a e-flex e-con-boxed wpr-particle-no wpr-jarallax-no wpr-parallax-no wpr-sticky-section-no e-con e-parent\" data-id=\"ff0ec1a\" data-element_type=\"container\">\n\t\t\t\t\t<div class=\"e-con-inner\">\n\t\t\t\t<div class=\"elementor-element elementor-element-e0c54e5 elementor-widget elementor-widget-text-editor\" data-id=\"e0c54e5\" data-element_type=\"widget\" data-widget_type=\"text-editor.default\">\n\t\t\t\t<div class=\"elementor-widget-container\">\n\t\t\t\t\t\t\t\t\t<p data-start=\"112\" data-end=\"456\">Au <strong data-start=\"115\" data-end=\"146\">Agence Linkbuilding Belgique<\/strong>Sur notre site web, nous nous engageons \u00e0 prot\u00e9ger votre vie priv\u00e9e et \u00e0 veiller \u00e0 ce que vos donn\u00e9es personnelles soient trait\u00e9es de mani\u00e8re s\u00fbre et responsable. La pr\u00e9sente politique de confidentialit\u00e9 explique comment nous recueillons, utilisons et prot\u00e9geons vos informations lorsque vous visitez notre site web <strong data-start=\"380\" data-end=\"455\"><a class=\"\" href=\"https:\/\/linkbuildingbelgiumagency.com\/fr\/\" target=\"_new\" rel=\"noopener\" data-start=\"382\" data-end=\"453\">linkbuildingbelgiumagency.com<\/a><\/strong>.<\/p><hr data-start=\"458\" data-end=\"461\" \/><h4 data-start=\"463\" data-end=\"497\"><strong data-start=\"468\" data-end=\"497\">1. Les informations que nous collectons<\/strong><\/h4><p data-start=\"499\" data-end=\"563\">Lorsque vous visitez notre site web, nous recueillons deux types d'informations :<\/p><ul data-start=\"565\" data-end=\"1081\"><li data-start=\"565\" data-end=\"837\"><p data-start=\"567\" data-end=\"837\"><strong data-start=\"567\" data-end=\"592\">Informations personnelles :<\/strong> Il s'agit de toutes les donn\u00e9es que vous nous fournissez directement, telles que votre nom, votre adresse \u00e9lectronique, votre num\u00e9ro de t\u00e9l\u00e9phone ou d'autres coordonn\u00e9es. Ces donn\u00e9es sont g\u00e9n\u00e9ralement collect\u00e9es lorsque vous remplissez un formulaire, demandez une consultation ou communiquez avec notre \u00e9quipe.<\/p><\/li><li data-start=\"841\" data-end=\"1081\"><p data-start=\"843\" data-end=\"1081\"><strong data-start=\"843\" data-end=\"872\">Informations non personnelles :<\/strong> Il s'agit de donn\u00e9es techniques concernant votre appareil, telles que votre adresse IP, votre type de navigateur, votre localisation et vos donn\u00e9es d'utilisation. Nous collectons ces informations afin d'am\u00e9liorer l'exp\u00e9rience utilisateur et les performances de notre site web.<\/p><\/li><\/ul><hr data-start=\"1083\" data-end=\"1086\" \/><h4 data-start=\"1088\" data-end=\"1127\"><strong data-start=\"1093\" data-end=\"1127\">2. Comment nous utilisons vos informations<\/strong><\/h4><p data-start=\"1129\" data-end=\"1194\">Nous pouvons utiliser les informations que nous recueillons aux fins suivantes :<\/p><ul data-start=\"1196\" data-end=\"1611\"><li data-start=\"1196\" data-end=\"1278\"><p data-start=\"1198\" data-end=\"1278\">Pour r\u00e9pondre \u00e0 vos demandes et vous fournir les services que vous avez demand\u00e9s.<\/p><\/li><li data-start=\"1279\" data-end=\"1346\"><p data-start=\"1281\" data-end=\"1346\">Pour traiter et ex\u00e9cuter vos commandes ou vos demandes de consultation.<\/p><\/li><li data-start=\"1347\" data-end=\"1425\"><p data-start=\"1349\" data-end=\"1425\">Pour personnaliser votre exp\u00e9rience et am\u00e9liorer la fonctionnalit\u00e9 de notre site web.<\/p><\/li><li data-start=\"1426\" data-end=\"1535\"><p data-start=\"1428\" data-end=\"1535\">pour vous envoyer des courriels promotionnels, des bulletins d'information ou des offres si vous avez choisi de recevoir de telles communications.<\/p><\/li><li data-start=\"1536\" data-end=\"1611\"><p data-start=\"1538\" data-end=\"1611\">Analyser le trafic et l'utilisation du site web afin d'am\u00e9liorer nos services et notre contenu.<\/p><\/li><\/ul><hr data-start=\"1613\" data-end=\"1616\" \/><h4 data-start=\"1618\" data-end=\"1661\"><strong data-start=\"1623\" data-end=\"1661\">3. Comment nous prot\u00e9geons vos informations<\/strong><\/h4><p data-start=\"1663\" data-end=\"1802\">Nous mettons en \u0153uvre une s\u00e9rie de mesures de s\u00e9curit\u00e9 pour pr\u00e9server la s\u00e9curit\u00e9 de vos informations personnelles lorsque vous les soumettez. Ces mesures sont les suivantes<\/p><ul data-start=\"1804\" data-end=\"1982\"><li data-start=\"1804\" data-end=\"1895\"><p data-start=\"1806\" data-end=\"1895\">Utilisation de la technologie Secure Socket Layer (SSL) pour crypter les donn\u00e9es sensibles lors de la transmission.<\/p><\/li><li data-start=\"1896\" data-end=\"1982\"><p data-start=\"1898\" data-end=\"1982\">revoir r\u00e9guli\u00e8rement nos proc\u00e9dures de s\u00e9curit\u00e9 afin de garantir la protection de vos informations.<\/p><\/li><\/ul><p data-start=\"1984\" data-end=\"2230\">Malgr\u00e9 nos efforts, aucune m\u00e9thode de transmission sur Internet ou de stockage \u00e9lectronique n'est 100% s\u00fbre. Bien que nous nous efforcions d'utiliser des moyens commercialement acceptables pour prot\u00e9ger vos informations personnelles, nous ne pouvons pas garantir leur s\u00e9curit\u00e9 absolue.<\/p><hr data-start=\"2232\" data-end=\"2235\" \/><h4 data-start=\"2237\" data-end=\"2273\"><strong data-start=\"2242\" data-end=\"2273\">4. Partage des informations<\/strong><\/h4><p data-start=\"2275\" data-end=\"2554\">Nous ne vendons pas, n'\u00e9changeons pas et ne louons pas vos informations personnelles \u00e0 des tiers. Toutefois, nous pouvons partager des informations avec des prestataires de services tiers de confiance qui nous aident \u00e0 exploiter notre site web ou \u00e0 mener nos activit\u00e9s, \u00e0 condition qu'ils acceptent de garder ces informations confidentielles.<\/p><p data-start=\"2556\" data-end=\"2720\">Nous pouvons \u00e9galement divulguer vos informations si la loi l'exige ou pour prot\u00e9ger les droits, la propri\u00e9t\u00e9 ou la s\u00e9curit\u00e9 de <strong data-start=\"2662\" data-end=\"2693\">Agence Linkbuilding Belgique<\/strong>nos clients ou d'autres personnes.<\/p><hr data-start=\"2722\" data-end=\"2725\" \/><h4 data-start=\"2727\" data-end=\"2772\"><strong data-start=\"2732\" data-end=\"2772\">5. Cookies et technologies de suivi<\/strong><\/h4><p data-start=\"2774\" data-end=\"3030\">Notre site web utilise des cookies et des technologies de suivi similaires pour am\u00e9liorer l'exp\u00e9rience de l'utilisateur, analyser le trafic du site et recueillir des informations d\u00e9mographiques. Un cookie est un petit fichier plac\u00e9 sur votre appareil qui nous aide \u00e0 m\u00e9moriser vos pr\u00e9f\u00e9rences et \u00e0 suivre l'utilisation du site web.<\/p><p data-start=\"3032\" data-end=\"3234\">Vous pouvez r\u00e9gler les param\u00e8tres de votre navigateur de mani\u00e8re \u00e0 bloquer les cookies ou \u00e0 vous avertir lorsque des cookies sont utilis\u00e9s. Toutefois, veuillez noter que la d\u00e9sactivation des cookies peut affecter la fonctionnalit\u00e9 de certaines parties de notre site web.<\/p><hr data-start=\"3236\" data-end=\"3239\" \/><h4 data-start=\"3241\" data-end=\"3264\"><strong data-start=\"3246\" data-end=\"3264\">6. Vos droits<\/strong><\/h4><p data-start=\"3266\" data-end=\"3288\">Vous avez le droit de :<\/p><ul data-start=\"3290\" data-end=\"3569\"><li data-start=\"3290\" data-end=\"3364\"><p data-start=\"3292\" data-end=\"3364\">Acc\u00e9der aux informations personnelles que nous d\u00e9tenons \u00e0 votre sujet et en demander une copie.<\/p><\/li><li data-start=\"3365\" data-end=\"3414\"><p data-start=\"3367\" data-end=\"3414\">Corriger toute inexactitude dans vos donn\u00e9es personnelles.<\/p><\/li><li data-start=\"3415\" data-end=\"3498\"><p data-start=\"3417\" data-end=\"3498\">Demander la suppression de vos donn\u00e9es personnelles, sous r\u00e9serve de certaines obligations l\u00e9gales.<\/p><\/li><li data-start=\"3499\" data-end=\"3569\"><p data-start=\"3501\" data-end=\"3569\">Refuser de recevoir des communications promotionnelles de notre part \u00e0 tout moment.<\/p><\/li><\/ul><p data-start=\"3571\" data-end=\"3727\">Si vous souhaitez exercer l'un de ces droits, veuillez nous contacter \u00e0 l'adresse suivante <strong data-start=\"3637\" data-end=\"3726\"><a class=\"cursor-pointer\" rel=\"noopener\" data-start=\"3639\" data-end=\"3724\">contact@linkbuildingbelgiumagency.com<\/a><\/strong>.<\/p><hr data-start=\"3729\" data-end=\"3732\" \/><h4 data-start=\"3734\" data-end=\"3763\"><strong data-start=\"3739\" data-end=\"3763\">7. Liens avec des tiers<\/strong><\/h4><p data-start=\"3765\" data-end=\"3987\">Notre site web peut contenir des liens vers des sites web de tiers. Ces sites tiers ont leur propre politique en mati\u00e8re de protection de la vie priv\u00e9e, que nous vous encourageons \u00e0 consulter. Nous ne sommes pas responsables du contenu ou des pratiques des sites web de tiers.<\/p><hr data-start=\"3989\" data-end=\"3992\" \/><h4 data-start=\"3994\" data-end=\"4036\"><strong data-start=\"3999\" data-end=\"4036\">8. Mises \u00e0 jour de la pr\u00e9sente politique de confidentialit\u00e9<\/strong><\/h4><p data-start=\"4038\" data-end=\"4306\">Nous nous r\u00e9servons le droit de mettre \u00e0 jour ou de modifier la pr\u00e9sente politique de confidentialit\u00e9 \u00e0 tout moment. Toute modification sera publi\u00e9e sur cette page avec une date d'entr\u00e9e en vigueur actualis\u00e9e. Nous vous encourageons \u00e0 consulter r\u00e9guli\u00e8rement la pr\u00e9sente politique de confidentialit\u00e9 afin de rester inform\u00e9 de la mani\u00e8re dont nous prot\u00e9geons vos informations.<\/p><hr data-start=\"4308\" data-end=\"4311\" \/><h4 data-start=\"4313\" data-end=\"4335\"><strong data-start=\"4318\" data-end=\"4335\">9. Nous contacter<\/strong><\/h4><p data-start=\"4337\" data-end=\"4433\">Si vous avez des questions sur la pr\u00e9sente politique de confidentialit\u00e9 ou sur nos pratiques en mati\u00e8re de donn\u00e9es, veuillez nous contacter \u00e0 l'adresse suivante :<\/p><p data-start=\"4435\" data-end=\"4656\"><strong data-start=\"4435\" data-end=\"4466\">Agence Linkbuilding Belgique<\/strong><br data-start=\"4466\" data-end=\"4469\" \/><a href=\"https:\/\/linkbuildingbelgiumagency.com\/fr\/contact\/\">Courriel<\/a><\/p>\t\t\t\t\t\t\t\t<\/div>\n\t\t\t\t<\/div>\n\t\t\t\t\t<\/div>\n\t\t\t\t<\/div>\n\t\t\t\t<\/div>","protected":false},"excerpt":{"rendered":"<p>S\u00e9lectionnez la politique de confidentialit\u00e9 S\u00e9lectionnez la politique de confidentialit\u00e9 S\u00e9lectionnez la politique de confidentialit\u00e9 S\u00e9lectionnez la politique de confidentialit\u00e9 S\u00e9lectionnez la politique de confidentialit\u00e9 S\u00e9lectionnez la politique de confidentialit\u00e9 Politique de confidentialit\u00e9 Chez Linkbuilding Belgium Agency, nous nous engageons \u00e0 prot\u00e9ger votre vie priv\u00e9e et \u00e0 veiller \u00e0 ce que vos donn\u00e9es personnelles soient trait\u00e9es d'une mani\u00e8re s\u00fbre et responsable. Cette politique de confidentialit\u00e9 explique comment nous collectons, utilisons et prot\u00e9geons vos informations lorsque vous visitez notre site web linkbuildingbelgiumagency.com. 1. Informations que nous recueillons Lorsque vous visitez notre site web, nous recueillons deux types d'informations : Les informations personnelles : Il s'agit de toutes les donn\u00e9es que vous nous fournissez directement, telles que votre nom, votre adresse \u00e9lectronique, votre num\u00e9ro de t\u00e9l\u00e9phone ou d'autres coordonn\u00e9es. Ces informations sont g\u00e9n\u00e9ralement collect\u00e9es lorsque vous remplissez un formulaire, demandez une consultation ou communiquez avec notre \u00e9quipe. Informations non personnelles : Il s'agit de donn\u00e9es techniques concernant votre appareil, telles que votre adresse IP, votre type de navigateur, votre localisation et vos donn\u00e9es d'utilisation. Nous collectons ces informations afin d'am\u00e9liorer l'exp\u00e9rience utilisateur et les performances de notre site web. 2. Comment nous utilisons vos informations Nous pouvons utiliser les informations que nous recueillons aux fins suivantes : Pour r\u00e9pondre \u00e0 vos demandes et vous fournir les services que vous avez demand\u00e9s. Traiter et ex\u00e9cuter vos commandes ou vos demandes de consultation. Pour personnaliser votre exp\u00e9rience et am\u00e9liorer la fonctionnalit\u00e9 de notre site web. Pour vous envoyer des courriels promotionnels, des bulletins d'information ou des offres si vous avez choisi de recevoir de telles communications. Pour analyser le trafic et l'utilisation du site web afin d'am\u00e9liorer nos services et notre contenu. 3. Comment nous prot\u00e9geons vos informations Nous mettons en \u0153uvre diverses mesures de s\u00e9curit\u00e9 pour pr\u00e9server la s\u00e9curit\u00e9 de vos informations personnelles lorsque vous nous les communiquez. Ces mesures sont les suivantes l'utilisation de la technologie Secure Socket Layer (SSL) pour crypter les donn\u00e9es sensibles lors de leur transmission la r\u00e9vision r\u00e9guli\u00e8re de nos proc\u00e9dures de s\u00e9curit\u00e9 afin de garantir la protection de vos informations. Malgr\u00e9 nos efforts, aucune m\u00e9thode de transmission sur Internet ou de stockage \u00e9lectronique n'est 100% s\u00fbre. Bien que nous nous efforcions d'utiliser des moyens commercialement acceptables pour prot\u00e9ger vos informations personnelles, nous ne pouvons pas garantir leur s\u00e9curit\u00e9 absolue. 4. Partage de vos informations Nous ne vendons pas, n'\u00e9changeons pas et ne louons pas vos informations personnelles \u00e0 des tiers. Toutefois, nous pouvons partager des informations avec des prestataires de services tiers de confiance qui nous aident \u00e0 exploiter notre site web ou \u00e0 mener nos activit\u00e9s, \u00e0 condition qu'ils acceptent de garder ces informations confidentielles. Nous pouvons \u00e9galement divulguer vos informations si la loi l'exige ou pour prot\u00e9ger les droits, la propri\u00e9t\u00e9 ou la s\u00e9curit\u00e9 de Linkbuilding Belgium Agency, de nos clients ou d'autres personnes. 5. Cookies et technologies de suivi Notre site web utilise des cookies et des technologies de suivi similaires pour am\u00e9liorer l'exp\u00e9rience de l'utilisateur, analyser le trafic du site et recueillir des informations d\u00e9mographiques. Un cookie est un petit fichier plac\u00e9 sur votre appareil qui nous aide \u00e0 m\u00e9moriser vos pr\u00e9f\u00e9rences et \u00e0 suivre l'utilisation du site. Vous pouvez r\u00e9gler les param\u00e8tres de votre navigateur de mani\u00e8re \u00e0 bloquer les cookies ou \u00e0 vous avertir lorsque des cookies sont utilis\u00e9s. Toutefois, veuillez noter que la d\u00e9sactivation des cookies peut affecter la fonctionnalit\u00e9 de certaines parties de notre site web. 6. Vos droits Vous avez le droit de : d'acc\u00e9der aux informations personnelles que nous d\u00e9tenons \u00e0 votre sujet et d'en demander une copie Corriger toute inexactitude dans vos donn\u00e9es personnelles. Demander la suppression de vos donn\u00e9es personnelles, sous r\u00e9serve de certaines obligations l\u00e9gales. Refuser de recevoir des communications promotionnelles de notre part \u00e0 tout moment. Si vous souhaitez exercer l'un de ces droits, veuillez nous contacter \u00e0 l'adresse contact@linkbuildingbelgiumagency.com. 7. Liens avec des tiers Notre site web peut contenir des liens vers des sites web de tiers. Ces sites tiers ont leur propre politique en mati\u00e8re de protection de la vie priv\u00e9e, que nous vous encourageons \u00e0 consulter. Nous ne sommes pas responsables du contenu ou des pratiques des sites web de tiers. 8. Mises \u00e0 jour de la pr\u00e9sente politique de confidentialit\u00e9 Nous nous r\u00e9servons le droit de mettre \u00e0 jour ou de modifier la pr\u00e9sente politique de confidentialit\u00e9 \u00e0 tout moment. Toute modification sera publi\u00e9e sur cette page avec une date d'entr\u00e9e en vigueur actualis\u00e9e. Nous vous encourageons \u00e0 consulter r\u00e9guli\u00e8rement la pr\u00e9sente politique de confidentialit\u00e9 afin de rester inform\u00e9 de la mani\u00e8re dont nous prot\u00e9geons vos informations. 9. Contactez-nous Si vous avez des questions concernant cette politique de confidentialit\u00e9 ou nos pratiques en mati\u00e8re de donn\u00e9es, veuillez nous contacter \u00e0 l'adresse suivante : Linkbuilding Belgium AgencyEmail<\/p>","protected":false},"author":1,"featured_media":0,"parent":0,"menu_order":0,"comment_status":"closed","ping_status":"closed","template":"elementor_canvas","meta":{"footnotes":""},"class_list":["post-1264","page","type-page","status-publish","hentry"],"_links":{"self":[{"href":"https:\/\/linkbuildingbelgiumagency.com\/fr\/wp-json\/wp\/v2\/pages\/1264","targetHints":{"allow":["GET"]}}],"collection":[{"href":"https:\/\/linkbuildingbelgiumagency.com\/fr\/wp-json\/wp\/v2\/pages"}],"about":[{"href":"https:\/\/linkbuildingbelgiumagency.com\/fr\/wp-json\/wp\/v2\/types\/page"}],"author":[{"embeddable":true,"href":"https:\/\/linkbuildingbelgiumagency.com\/fr\/wp-json\/wp\/v2\/users\/1"}],"replies":[{"embeddable":true,"href":"https:\/\/linkbuildingbelgiumagency.com\/fr\/wp-json\/wp\/v2\/comments?post=1264"}],"version-history":[{"count":5,"href":"https:\/\/linkbuildingbelgiumagency.com\/fr\/wp-json\/wp\/v2\/pages\/1264\/revisions"}],"predecessor-version":[{"id":1487,"href":"https:\/\/linkbuildingbelgiumagency.com\/fr\/wp-json\/wp\/v2\/pages\/1264\/revisions\/1487"}],"wp:attachment":[{"href":"https:\/\/linkbuildingbelgiumagency.com\/fr\/wp-json\/wp\/v2\/media?parent=1264"}],"curies":[{"name":"wp","href":"https:\/\/api.w.org\/{rel}","templated":true}]}}