{"id":1270,"date":"2025-06-23T07:10:53","date_gmt":"2025-06-23T07:10:53","guid":{"rendered":"https:\/\/linkbuildingbelgiumagency.com\/?page_id=1270"},"modified":"2025-06-23T14:34:58","modified_gmt":"2025-06-23T14:34:58","slug":"bedingungen-und-konditionen","status":"publish","type":"page","link":"https:\/\/linkbuildingbelgiumagency.com\/de\/bedingungen-und-konditionen\/","title":{"rendered":"Bedingungen und Konditionen"},"content":{"rendered":"<div data-elementor-type=\"wp-page\" data-elementor-id=\"1270\" class=\"elementor elementor-1270\">\n\t\t\t\t<div class=\"elementor-element elementor-element-d6c1d01 e-flex e-con-boxed wpr-particle-no wpr-jarallax-no wpr-parallax-no wpr-sticky-section-no e-con e-parent\" data-id=\"d6c1d01\" data-element_type=\"container\" data-settings=\"{&quot;background_background&quot;:&quot;gradient&quot;,&quot;shape_divider_bottom&quot;:&quot;waves&quot;}\">\n\t\t\t\t\t<div class=\"e-con-inner\">\n\t\t\t\t<div class=\"elementor-shape elementor-shape-bottom\" aria-hidden=\"true\" data-negative=\"false\">\n\t\t\t<svg xmlns=\"http:\/\/www.w3.org\/2000\/svg\" viewbox=\"0 0 1000 100\" preserveaspectratio=\"none\">\n\t<path class=\"elementor-shape-fill\" d=\"M421.9,6.5c22.6-2.5,51.5,0.4,75.5,5.3c23.6,4.9,70.9,23.5,100.5,35.7c75.8,32.2,133.7,44.5,192.6,49.7\tc23.6,2.1,48.7,3.5,103.4-2.5c54.7-6,106.2-25.6,106.2-25.6V0H0v30.3c0,0,72,32.6,158.4,30.5c39.2-0.7,92.8-6.7,134-22.4\tc21.2-8.1,52.2-18.2,79.7-24.2C399.3,7.9,411.6,7.5,421.9,6.5z\"\/>\n<\/svg>\t\t<\/div>\n\t\t<div class=\"elementor-element elementor-element-777397c e-flex e-con-boxed wpr-particle-no wpr-jarallax-no wpr-parallax-no wpr-sticky-section-no e-con e-child\" data-id=\"777397c\" data-element_type=\"container\">\n\t\t\t\t\t<div class=\"e-con-inner\">\n\t\t\t\t<div class=\"elementor-element elementor-element-a83f7c1 elementor-widget elementor-widget-heading\" data-id=\"a83f7c1\" data-element_type=\"widget\" data-widget_type=\"heading.default\">\n\t\t\t\t<div class=\"elementor-widget-container\">\n\t\t\t\t\t<h2 class=\"elementor-heading-title elementor-size-default\">Bedingungen und Konditionen<\/h2>\t\t\t\t<\/div>\n\t\t\t\t<\/div>\n\t\t\t\t\t<\/div>\n\t\t\t\t<\/div>\n\t\t\t\t\t<\/div>\n\t\t\t\t<\/div>\n\t\t<div class=\"elementor-element elementor-element-ff0ec1a e-flex e-con-boxed wpr-particle-no wpr-jarallax-no wpr-parallax-no wpr-sticky-section-no e-con e-parent\" data-id=\"ff0ec1a\" data-element_type=\"container\">\n\t\t\t\t\t<div class=\"e-con-inner\">\n\t\t\t\t<div class=\"elementor-element elementor-element-e0c54e5 elementor-widget elementor-widget-text-editor\" data-id=\"e0c54e5\" data-element_type=\"widget\" data-widget_type=\"text-editor.default\">\n\t\t\t\t<div class=\"elementor-widget-container\">\n\t\t\t\t\t\t\t\t\t<p data-start=\"124\" data-end=\"506\">Willkommen bei <strong data-start=\"135\" data-end=\"166\">Linkbuilding Belgien Agentur<\/strong>! Diese Allgemeinen Gesch\u00e4ftsbedingungen regeln Ihre Nutzung unserer Website, <strong data-start=\"227\" data-end=\"302\"><a class=\"\" href=\"https:\/\/linkbuildingbelgiumagency.com\/de\/\" target=\"_new\" rel=\"noopener\" data-start=\"229\" data-end=\"300\">linkbuildingbelgiumagency.com<\/a><\/strong>und die von uns angebotenen Dienstleistungen. Indem Sie auf diese Website zugreifen oder sie nutzen, erkl\u00e4ren Sie sich damit einverstanden, diese Bedingungen einzuhalten und an sie gebunden zu sein. Wenn Sie mit diesen Bedingungen nicht einverstanden sind, nutzen Sie unsere Website bitte nicht.<\/p>\n<hr data-start=\"508\" data-end=\"511\" \/>\n<h4 data-start=\"513\" data-end=\"542\"><strong data-start=\"518\" data-end=\"542\">1. Erbrachte Dienstleistungen<\/strong><\/h4>\n<p data-start=\"544\" data-end=\"662\">Linkbuilding Belgium Agency bietet eine Reihe von Dienstleistungen im Zusammenhang mit SEO und Linkbuilding, einschlie\u00dflich, aber nicht beschr\u00e4nkt auf:<\/p>\n<ul data-start=\"664\" data-end=\"735\">\n<li data-start=\"664\" data-end=\"679\">\n<p data-start=\"666\" data-end=\"679\">Gastbeitrag<\/p>\n<\/li>\n<li data-start=\"680\" data-end=\"698\">\n<p data-start=\"682\" data-end=\"698\">Blogger-Kontaktaufnahme<\/p>\n<\/li>\n<li data-start=\"699\" data-end=\"717\">\n<p data-start=\"701\" data-end=\"717\">Erstellung von Inhalten<\/p>\n<\/li>\n<li data-start=\"718\" data-end=\"735\">\n<p data-start=\"720\" data-end=\"735\">SEO-Beratung<\/p>\n<\/li>\n<\/ul>\n<p data-start=\"737\" data-end=\"844\">Wir bem\u00fchen uns, qualitativ hochwertige Dienstleistungen anzubieten, um die Sichtbarkeit Ihrer Website und die Platzierung in Suchmaschinen zu verbessern.<\/p>\n<hr data-start=\"846\" data-end=\"849\" \/>\n<h4 data-start=\"851\" data-end=\"877\"><strong data-start=\"856\" data-end=\"877\">2. Nutzung der Website<\/strong><\/h4>\n<p data-start=\"879\" data-end=\"915\">Durch die Nutzung dieser Website erkl\u00e4ren Sie sich damit einverstanden:<\/p>\n<ul data-start=\"917\" data-end=\"1264\">\n<li data-start=\"917\" data-end=\"960\">\n<p data-start=\"919\" data-end=\"960\">Nutzen Sie unsere Website nur f\u00fcr rechtm\u00e4\u00dfige Zwecke.<\/p>\n<\/li>\n<li data-start=\"961\" data-end=\"1132\">\n<p data-start=\"963\" data-end=\"1132\">die Website nicht in einer Weise zu nutzen, die die Funktionalit\u00e4t der Website besch\u00e4digen, deaktivieren, \u00fcberlasten oder beeintr\u00e4chtigen k\u00f6nnte oder die Nutzung der Website durch andere Parteien st\u00f6ren k\u00f6nnte.<\/p>\n<\/li>\n<li data-start=\"1133\" data-end=\"1264\">\n<p data-start=\"1135\" data-end=\"1264\">Nicht zu versuchen, sich unbefugten Zugang zur Website, zu anderen Konten oder zu Computersystemen oder Netzwerken, die mit der Website verbunden sind, zu verschaffen.<\/p>\n<\/li>\n<\/ul>\n<p data-start=\"1266\" data-end=\"1435\">Wir behalten uns das Recht vor, den Zugang zu bestimmten Bereichen unserer Website zu beschr\u00e4nken oder Ihren Zugang zur Website ohne Vorank\u00fcndigung zu sperren, wenn wir der Meinung sind, dass Sie gegen diese Bedingungen versto\u00dfen haben.<\/p>\n<hr data-start=\"1437\" data-end=\"1440\" \/>\n<h4 data-start=\"1442\" data-end=\"1467\"><strong data-start=\"1447\" data-end=\"1467\">3. Zahlungsbedingungen<\/strong><\/h4>\n<ul data-start=\"1469\" data-end=\"2149\">\n<li data-start=\"1469\" data-end=\"1629\">\n<p data-start=\"1471\" data-end=\"1629\"><strong data-start=\"1471\" data-end=\"1483\">Preisgestaltung:<\/strong> F\u00fcr alle von Linkbuilding Belgium Agency angebotenen Dienstleistungen gelten die auf der Website angegebenen oder mit dem Kunden vereinbarten Preise.<\/p>\n<\/li>\n<li data-start=\"1630\" data-end=\"1793\">\n<p data-start=\"1632\" data-end=\"1793\"><strong data-start=\"1632\" data-end=\"1652\">Zahlungsarten:<\/strong> Wir akzeptieren verschiedene Zahlungsarten, darunter Kreditkarten, Bank\u00fcberweisungen oder andere Zahlungsarten, die w\u00e4hrend des Bestellvorgangs angegeben werden.<\/p>\n<\/li>\n<li data-start=\"1794\" data-end=\"1928\">\n<p data-start=\"1796\" data-end=\"1928\"><strong data-start=\"1796\" data-end=\"1817\">F\u00e4lligkeitsdatum der Zahlung:<\/strong> Die Zahlung f\u00fcr Dienstleistungen muss vor Beginn der Arbeiten in voller H\u00f6he erfolgen, sofern nichts anderes schriftlich vereinbart wurde.<\/p>\n<\/li>\n<li data-start=\"1929\" data-end=\"2149\">\n<p data-start=\"1931\" data-end=\"2149\"><strong data-start=\"1931\" data-end=\"1949\">Erstattungspolitik:<\/strong> Aufgrund der Art unserer Dienstleistungen bieten wir keine R\u00fcckerstattung f\u00fcr erbrachte Leistungen an. Wenn Sie jedoch mit unseren Dienstleistungen nicht zufrieden sind, kontaktieren Sie uns bitte, und wir werden unser Bestes tun, um das Problem zu l\u00f6sen.<\/p>\n<\/li>\n<\/ul>\n<hr data-start=\"2151\" data-end=\"2154\" \/>\n<h4 data-start=\"2156\" data-end=\"2191\"><strong data-start=\"2161\" data-end=\"2191\">4. Verantwortlichkeiten der Kunden<\/strong><\/h4>\n<ul data-start=\"2193\" data-end=\"2654\">\n<li data-start=\"2193\" data-end=\"2414\">\n<p data-start=\"2195\" data-end=\"2414\"><strong data-start=\"2195\" data-end=\"2220\">Inhaltliche Anforderungen:<\/strong> Die Kunden sind daf\u00fcr verantwortlich, die f\u00fcr die Erbringung der Dienstleistungen erforderlichen Informationen und Inhalte korrekt und rechtzeitig zur Verf\u00fcgung zu stellen. Die Nichtbereitstellung solcher Informationen kann zu Verz\u00f6gerungen bei der Erbringung der Dienstleistungen f\u00fchren.<\/p>\n<\/li>\n<li data-start=\"2415\" data-end=\"2654\">\n<p data-start=\"2417\" data-end=\"2654\"><strong data-start=\"2417\" data-end=\"2432\">Einhaltung der Vorschriften:<\/strong> Die Kunden m\u00fcssen sicherstellen, dass ihre Inhalte und Gesch\u00e4ftsaktivit\u00e4ten mit den geltenden Gesetzen und Vorschriften \u00fcbereinstimmen. Linkbuilding Belgium Agency haftet nicht f\u00fcr rechtliche Probleme, die durch den Inhalt oder die Praktiken des Kunden entstehen k\u00f6nnen.<\/p>\n<\/li>\n<\/ul>\n<hr data-start=\"2656\" data-end=\"2659\" \/>\n<h4 data-start=\"2661\" data-end=\"2694\"><strong data-start=\"2666\" data-end=\"2694\">5. Geistiges Eigentum<\/strong><\/h4>\n<ul data-start=\"2696\" data-end=\"3288\">\n<li data-start=\"2696\" data-end=\"3015\">\n<p data-start=\"2698\" data-end=\"3015\"><strong data-start=\"2698\" data-end=\"2720\">Eigentum an den Inhalten:<\/strong> Der gesamte von Linkbuilding Belgium Agency zur Verf\u00fcgung gestellte Inhalt, einschlie\u00dflich der Artikel, der Grafiken und des sonstigen geistigen Eigentums, bleibt Eigentum von Linkbuilding Belgium Agency oder seiner jeweiligen Eigent\u00fcmer. Den Kunden wird eine begrenzte, nicht exklusive Lizenz zur Nutzung des Inhalts f\u00fcr die von ihnen beabsichtigten Zwecke gew\u00e4hrt.<\/p>\n<\/li>\n<li data-start=\"3016\" data-end=\"3288\">\n<p data-start=\"3018\" data-end=\"3288\"><strong data-start=\"3018\" data-end=\"3037\">Inhalt des Kunden:<\/strong> Der Kunde beh\u00e4lt das Eigentum an allen Inhalten, die er Linkbuilding Belgium Agency zur Verwendung in den Dienstleistungen zur Verf\u00fcgung stellt. Mit der \u00dcbermittlung von Inhalten gew\u00e4hren die Kunden Linkbuilding Belgium Agency das Recht, diese Inhalte gem\u00e4\u00df den vorliegenden Bedingungen zu nutzen.<\/p>\n<\/li>\n<\/ul>\n<hr data-start=\"3290\" data-end=\"3293\" \/>\n<h4 data-start=\"3295\" data-end=\"3334\"><strong data-start=\"3300\" data-end=\"3334\">6. Privatsph\u00e4re und Datenschutz<\/strong><\/h4>\n<p data-start=\"3336\" data-end=\"3588\">Ihre Nutzung unserer Dienste unterliegt auch unseren <strong data-start=\"3385\" data-end=\"3403\">Datenschutzbestimmungen<\/strong>in der dargelegt wird, wie wir Ihre pers\u00f6nlichen Daten erfassen, verwenden und sch\u00fctzen. Durch die Nutzung unserer Dienste erkl\u00e4ren Sie sich mit der Erfassung und Nutzung Ihrer Daten gem\u00e4\u00df der Datenschutzrichtlinie einverstanden.<\/p>\n<hr data-start=\"3590\" data-end=\"3593\" \/>\n<h4 data-start=\"3595\" data-end=\"3630\"><strong data-start=\"3600\" data-end=\"3630\">7. Begrenzung der Haftung<\/strong><\/h4>\n<ul data-start=\"3632\" data-end=\"4207\">\n<li data-start=\"3632\" data-end=\"3930\">\n<p data-start=\"3634\" data-end=\"3930\"><strong data-start=\"3634\" data-end=\"3663\">Ausschluss von Garantien:<\/strong> Linkbuilding Belgium Agency \u00fcbernimmt keine Garantie f\u00fcr bestimmte Ergebnisse, wie z.B. h\u00f6here Platzierungen in den Suchmaschinen, mehr Besucher auf der Website oder mehr Verk\u00e4ufe, die sich aus unseren Dienstleistungen ergeben. SEO ist ein langfristiger Prozess und die Ergebnisse k\u00f6nnen abh\u00e4ngig von einer Vielzahl von Faktoren au\u00dferhalb unserer Kontrolle variieren.<\/p>\n<\/li>\n<li data-start=\"3931\" data-end=\"4207\">\n<p data-start=\"3933\" data-end=\"4207\"><strong data-start=\"3933\" data-end=\"3961\">Begrenzung der Haftung:<\/strong> In keinem Fall haftet Linkbuilding Belgium Agency f\u00fcr indirekte, zuf\u00e4llige, besondere oder Folgesch\u00e4den, die sich aus oder in Verbindung mit der Nutzung unserer Dienstleistungen ergeben, selbst wenn wir auf die M\u00f6glichkeit solcher Sch\u00e4den hingewiesen worden sind.<\/p>\n<\/li>\n<\/ul>\n<hr data-start=\"4209\" data-end=\"4212\" \/>\n<h4 data-start=\"4214\" data-end=\"4237\"><strong data-start=\"4219\" data-end=\"4237\">8. Beendigung<\/strong><\/h4>\n<p data-start=\"4239\" data-end=\"4477\">Wir k\u00f6nnen Ihren Zugang zu unserer Website und unseren Diensten nach eigenem Ermessen und ohne Vorank\u00fcndigung beenden oder aussetzen, wenn wir der Meinung sind, dass Sie gegen diese Allgemeinen Gesch\u00e4ftsbedingungen versto\u00dfen haben oder ein Verhalten an den Tag legen, das unserer Website, unseren Diensten oder anderen Benutzern schadet.<\/p>\n<hr data-start=\"4479\" data-end=\"4482\" \/>\n<h4 data-start=\"4484\" data-end=\"4509\"><strong data-start=\"4489\" data-end=\"4509\">9. Geltendes Recht<\/strong><\/h4>\n<p data-start=\"4511\" data-end=\"4732\">Diese Gesch\u00e4ftsbedingungen unterliegen den Gesetzen der folgenden L\u00e4nder und werden entsprechend ausgelegt <strong data-start=\"4599\" data-end=\"4610\">Belgien<\/strong>. F\u00fcr alle Streitigkeiten, die sich aus oder im Zusammenhang mit diesen Bedingungen ergeben, sind die zust\u00e4ndigen Gerichte in <strong data-start=\"4720\" data-end=\"4731\">Belgien<\/strong>.<\/p>\n<hr data-start=\"4734\" data-end=\"4737\" \/>\n<h4 data-start=\"4739\" data-end=\"4783\"><strong data-start=\"4744\" data-end=\"4783\">10. \u00c4nderungen der Bedingungen und Konditionen<\/strong><\/h4>\n<p data-start=\"4785\" data-end=\"5044\">Wir behalten uns das Recht vor, diese Allgemeinen Gesch\u00e4ftsbedingungen jederzeit zu aktualisieren, zu \u00e4ndern oder zu ersetzen. Alle \u00c4nderungen werden auf dieser Seite ver\u00f6ffentlicht, und die aktualisierten Bedingungen treten sofort nach der Ver\u00f6ffentlichung in Kraft. Bitte \u00fcberpr\u00fcfen Sie diese Seite regelm\u00e4\u00dfig auf Aktualisierungen.<\/p>\n<hr data-start=\"5046\" data-end=\"5049\" \/>\n<h4 data-start=\"5051\" data-end=\"5083\"><strong data-start=\"5056\" data-end=\"5083\">11. Kontaktinformationen<\/strong><\/h4>\n<p data-start=\"5085\" data-end=\"5166\">Wenn Sie Fragen zu diesen Gesch\u00e4ftsbedingungen haben, wenden Sie sich bitte an uns:<\/p>\n<p data-start=\"5168\" data-end=\"5389\"><strong data-start=\"5168\" data-end=\"5199\">Linkbuilding Belgien Agentur<\/strong><br data-start=\"5199\" data-end=\"5202\" \/><a href=\"https:\/\/linkbuildingbelgiumagency.com\/de\/kontakt\/\">E-Mail<\/a><\/p>\t\t\t\t\t\t\t\t<\/div>\n\t\t\t\t<\/div>\n\t\t\t\t\t<\/div>\n\t\t\t\t<\/div>\n\t\t\t\t<\/div>","protected":false},"excerpt":{"rendered":"<p>Allgemeine Gesch\u00e4ftsbedingungen Willkommen bei Linkbuilding Belgium Agency! Diese Allgemeinen Gesch\u00e4ftsbedingungen regeln Ihre Nutzung unserer Website linkbuildingbelgiumagency.com und der von uns angebotenen Dienstleistungen. Indem Sie auf diese Website zugreifen oder sie nutzen, erkl\u00e4ren Sie sich mit diesen Bedingungen einverstanden und sind an sie gebunden. Wenn Sie mit diesen Bedingungen nicht einverstanden sind, benutzen Sie bitte unsere Website nicht. 1. Angebotene Dienstleistungen Linkbuilding Belgium Agency bietet eine Reihe von Dienstleistungen im Zusammenhang mit SEO und Linkbuilding an, einschlie\u00dflich, aber nicht beschr\u00e4nkt auf Gastbeitr\u00e4ge Blogger Outreach Inhaltserstellung SEO-Beratung Wir bem\u00fchen uns, qualitativ hochwertige Dienstleistungen anzubieten, um die Sichtbarkeit Ihrer Website und die Platzierung in Suchmaschinen zu verbessern. 2. Nutzung der Website Durch die Nutzung dieser Website erkl\u00e4ren Sie sich damit einverstanden: Unsere Website nur f\u00fcr rechtm\u00e4\u00dfige Zwecke zu nutzen. Die Website nicht in einer Weise zu nutzen, die die Funktionalit\u00e4t der Website besch\u00e4digen, deaktivieren, \u00fcberlasten oder beeintr\u00e4chtigen k\u00f6nnte oder die Nutzung der Website durch andere Parteien st\u00f6ren k\u00f6nnte. Nicht zu versuchen, sich unbefugten Zugang zur Website, zu anderen Konten oder zu Computersystemen oder Netzwerken, die mit der Website verbunden sind, zu verschaffen. Wir behalten uns das Recht vor, den Zugang zu bestimmten Bereichen unserer Website zu beschr\u00e4nken oder Ihren Zugang zur Website ohne Vorank\u00fcndigung zu sperren, wenn wir der Meinung sind, dass Sie gegen diese Bedingungen versto\u00dfen haben. 3. Zahlungsbedingungen Preisgestaltung: Alle von Linkbuilding Belgium Agency angebotenen Dienstleistungen unterliegen den auf der Website angegebenen oder mit dem Kunden vereinbarten Preisangaben. Zahlungsarten: Wir akzeptieren verschiedene Zahlungsarten, darunter Kreditkarten, Bank\u00fcberweisungen oder andere Zahlungsarten, die w\u00e4hrend des Bestellvorgangs angegeben werden. F\u00e4lligkeit der Zahlung: Die Zahlung f\u00fcr Dienstleistungen muss in voller H\u00f6he vor Beginn der Arbeit erfolgen, es sei denn, es wurde schriftlich etwas anderes vereinbart. Erstattungspolitik: Aufgrund der Art unserer Dienstleistungen bieten wir keine R\u00fcckerstattung f\u00fcr erbrachte Dienstleistungen an. Sollten Sie jedoch mit unseren Dienstleistungen nicht zufrieden sein, setzen Sie sich bitte mit uns in Verbindung, und wir werden unser Bestes tun, um das Problem zu l\u00f6sen. 4. Verantwortlichkeiten des Kunden Inhaltliche Anforderungen: Der Kunde ist daf\u00fcr verantwortlich, die f\u00fcr die Ausf\u00fchrung der Dienstleistungen erforderlichen Informationen und Inhalte korrekt und rechtzeitig zur Verf\u00fcgung zu stellen. Die Nichtbereitstellung solcher Informationen kann zu Verz\u00f6gerungen bei der Erbringung der Dienstleistungen f\u00fchren. Einhaltung der Vorschriften: Der Kunde muss sicherstellen, dass sein Inhalt und seine Gesch\u00e4ftsaktivit\u00e4ten mit den geltenden Gesetzen und Vorschriften \u00fcbereinstimmen. Linkbuilding Belgium Agency haftet nicht f\u00fcr rechtliche Probleme, die durch den Inhalt oder die Praktiken des Kunden entstehen k\u00f6nnen. 5. Geistiges Eigentum - Eigentum am Inhalt: Alle von Linkbuilding Belgium Agency zur Verf\u00fcgung gestellten Inhalte, einschlie\u00dflich Artikel, Grafiken und anderes geistiges Eigentum, bleiben Eigentum von Linkbuilding Belgium Agency oder ihrer jeweiligen Eigent\u00fcmer. Dem Kunden wird eine begrenzte, nicht-exklusive Lizenz zur Nutzung des Inhalts f\u00fcr die von ihm beabsichtigten Zwecke gew\u00e4hrt. Inhalt des Kunden: Der Kunde beh\u00e4lt das Eigentum an allen Inhalten, die er Linkbuilding Belgium Agency zur Nutzung der Dienstleistungen zur Verf\u00fcgung stellt. Mit der \u00dcbermittlung von Inhalten gew\u00e4hren die Kunden Linkbuilding Belgium Agency das Recht, diese Inhalte in \u00dcbereinstimmung mit den vorliegenden Bedingungen zu nutzen. 6. Privatsph\u00e4re und Datenschutz Die Nutzung unserer Dienstleistungen unterliegt auch unserer Datenschutzpolitik, die darlegt, wie wir Ihre pers\u00f6nlichen Daten sammeln, nutzen und sch\u00fctzen. Durch die Nutzung unserer Dienste erkl\u00e4ren Sie sich mit der Erfassung und Nutzung Ihrer Daten gem\u00e4\u00df der Datenschutzrichtlinie einverstanden. 7. Haftungsbeschr\u00e4nkung Ausschluss von Garantien: Linkbuilding Belgium Agency garantiert keine bestimmten Ergebnisse, einschlie\u00dflich erh\u00f6hter Suchmaschinenplatzierungen, Website-Verkehr oder Verk\u00e4ufe, als Ergebnis unserer Dienstleistungen. SEO ist ein langfristiger Prozess und die Ergebnisse k\u00f6nnen in Abh\u00e4ngigkeit von einer Vielzahl von Faktoren au\u00dferhalb unserer Kontrolle variieren. Beschr\u00e4nkung der Haftung: In keinem Fall haftet Linkbuilding Belgium Agency f\u00fcr indirekte, zuf\u00e4llige, besondere oder Folgesch\u00e4den, die sich aus oder in Verbindung mit der Nutzung unserer Dienstleistungen ergeben, selbst wenn wir auf die M\u00f6glichkeit solcher Sch\u00e4den hingewiesen worden sind. 8. Beendigung Wir k\u00f6nnen Ihren Zugang zu unserer Website und unseren Diensten nach eigenem Ermessen und ohne Vorank\u00fcndigung beenden oder aussetzen, wenn wir der Meinung sind, dass Sie gegen diese Allgemeinen Gesch\u00e4ftsbedingungen versto\u00dfen haben oder ein Verhalten an den Tag legen, das unserer Website, unseren Diensten oder anderen Benutzern schadet. 9. Geltendes Recht Diese Allgemeinen Gesch\u00e4ftsbedingungen unterliegen dem belgischen Recht und werden in \u00dcbereinstimmung mit diesem ausgelegt. Alle Streitigkeiten, die sich aus oder im Zusammenhang mit diesen Bedingungen ergeben, sind vor den zust\u00e4ndigen Gerichten in Belgien zu entscheiden. 10. \u00c4nderungen der Allgemeinen Gesch\u00e4ftsbedingungen Wir behalten uns das Recht vor, diese Allgemeinen Gesch\u00e4ftsbedingungen jederzeit zu aktualisieren, zu \u00e4ndern oder zu ersetzen. Alle \u00c4nderungen werden auf dieser Seite ver\u00f6ffentlicht, und die aktualisierten Bedingungen treten sofort nach der Ver\u00f6ffentlichung in Kraft. Bitte \u00fcberpr\u00fcfen Sie diese Seite regelm\u00e4\u00dfig auf Aktualisierungen. 11. Kontaktinformationen Wenn Sie Fragen zu diesen Allgemeinen Gesch\u00e4ftsbedingungen haben, kontaktieren Sie uns bitte unter: Linkbuilding Belgien AgenturEmail<\/p>","protected":false},"author":1,"featured_media":0,"parent":0,"menu_order":0,"comment_status":"closed","ping_status":"closed","template":"elementor_canvas","meta":{"footnotes":""},"class_list":["post-1270","page","type-page","status-publish","hentry"],"_links":{"self":[{"href":"https:\/\/linkbuildingbelgiumagency.com\/de\/wp-json\/wp\/v2\/pages\/1270","targetHints":{"allow":["GET"]}}],"collection":[{"href":"https:\/\/linkbuildingbelgiumagency.com\/de\/wp-json\/wp\/v2\/pages"}],"about":[{"href":"https:\/\/linkbuildingbelgiumagency.com\/de\/wp-json\/wp\/v2\/types\/page"}],"author":[{"embeddable":true,"href":"https:\/\/linkbuildingbelgiumagency.com\/de\/wp-json\/wp\/v2\/users\/1"}],"replies":[{"embeddable":true,"href":"https:\/\/linkbuildingbelgiumagency.com\/de\/wp-json\/wp\/v2\/comments?post=1270"}],"version-history":[{"count":5,"href":"https:\/\/linkbuildingbelgiumagency.com\/de\/wp-json\/wp\/v2\/pages\/1270\/revisions"}],"predecessor-version":[{"id":1486,"href":"https:\/\/linkbuildingbelgiumagency.com\/de\/wp-json\/wp\/v2\/pages\/1270\/revisions\/1486"}],"wp:attachment":[{"href":"https:\/\/linkbuildingbelgiumagency.com\/de\/wp-json\/wp\/v2\/media?parent=1270"}],"curies":[{"name":"wp","href":"https:\/\/api.w.org\/{rel}","templated":true}]}}